{"id":360,"date":"2017-12-21T04:37:21","date_gmt":"2017-12-21T04:37:21","guid":{"rendered":"http:\/\/relojesantiguos.cl\/?product=dnk-blue-shoes"},"modified":"2023-08-23T19:35:49","modified_gmt":"2023-08-23T19:35:49","slug":"dnk-blue-shoes","status":"publish","type":"product","link":"https:\/\/relojesantiguos.cl\/?product=dnk-blue-shoes","title":{"rendered":"Paul Garnier Minus Stop  (VENDIDO)"},"content":{"rendered":"<ul>\n<li>Marca: Paul Garnier<\/li>\n<li>Modelo: Minus Stop Tax\u00edmetro<\/li>\n<li>A\u00f1o: 1960 Aprox.<\/li>\n<li>Funci\u00f3n: Temporizador especial (Contabiliza 1 hora)<\/li>\n<li>Movimiento: Mec\u00e1nico (Cuerda) 17 jewels<\/li>\n<li>Dial: Original Color Beige<\/li>\n<li>Di\u00e1metro Caja: 33 mm. (s\/incl. corona)<\/li>\n<li>Caja: Acero<\/li>\n<li>Correa: Cuero Nueva<\/li>\n<\/ul>\n<p>Original Funcionando, Excelente Condici\u00f3n<\/p>\n<p>Este es un reloj inusual con una funci\u00f3n de temporizador especial dise\u00f1ada para ayudar al automovilista. Una vez que su autom\u00f3vil est\u00e1 estacionado, el automovilista puede presionar el bot\u00f3n que se encuentra sobre la corona sinuosa y har\u00e1 una cuenta regresiva de una hora, mostrando cu\u00e1nto tiempo queda en el boleto de estacionamiento<\/p>\n","protected":false},"excerpt":{"rendered":"<ul>\n<li>Marca: Paul Garnier<\/li>\n<li>Modelo: Minus Stop Tax\u00edmetro<\/li>\n<li>A\u00f1o: 1960 Aprox.<\/li>\n<li>Funci\u00f3n: Temporizador especial (Contabiliza 1 hora)<\/li>\n<li>Movimiento: Mec\u00e1nico (Cuerda) 17 jewels<\/li>\n<li>Dial: Original Color Beige<\/li>\n<li>Di\u00e1metro Caja: 33 mm. (s\/incl. corona)<\/li>\n<li>Caja: Acero<\/li>\n<li>Correa: Cuero Nueva<\/li>\n<\/ul>\n<p>Original Funcionando, Excelente Condici\u00f3n<\/p>\n<p>Este es un reloj inusual con una funci\u00f3n de temporizador especial dise\u00f1ada para ayudar al automovilista. Una vez que su autom\u00f3vil est\u00e1 estacionado, el automovilista puede presionar el bot\u00f3n que se encuentra sobre la corona sinuosa y har\u00e1 una cuenta regresiva de una hora, mostrando cu\u00e1nto tiempo queda en el boleto de estacionamiento<\/p>\n","protected":false},"featured_media":1816,"comment_status":"open","ping_status":"closed","template":"","meta":[],"_links":{"self":[{"href":"https:\/\/relojesantiguos.cl\/index.php?rest_route=\/wp\/v2\/product\/360"}],"collection":[{"href":"https:\/\/relojesantiguos.cl\/index.php?rest_route=\/wp\/v2\/product"}],"about":[{"href":"https:\/\/relojesantiguos.cl\/index.php?rest_route=\/wp\/v2\/types\/product"}],"replies":[{"embeddable":true,"href":"https:\/\/relojesantiguos.cl\/index.php?rest_route=%2Fwp%2Fv2%2Fcomments&post=360"}],"version-history":[{"count":4,"href":"https:\/\/relojesantiguos.cl\/index.php?rest_route=\/wp\/v2\/product\/360\/revisions"}],"predecessor-version":[{"id":2725,"href":"https:\/\/relojesantiguos.cl\/index.php?rest_route=\/wp\/v2\/product\/360\/revisions\/2725"}],"wp:featuredmedia":[{"embeddable":true,"href":"https:\/\/relojesantiguos.cl\/index.php?rest_route=\/wp\/v2\/media\/1816"}],"wp:attachment":[{"href":"https:\/\/relojesantiguos.cl\/index.php?rest_route=%2Fwp%2Fv2%2Fmedia&parent=360"}],"curies":[{"name":"wp","href":"https:\/\/api.w.org\/{rel}","templated":true}]}}