{"id":1805,"date":"2020-06-29T20:41:37","date_gmt":"2020-06-29T20:41:37","guid":{"rendered":"http:\/\/relojesantiguos.cl\/?post_type=product&#038;p=1805"},"modified":"2021-10-13T16:08:05","modified_gmt":"2021-10-13T16:08:05","slug":"molnija-militar-ruso-piloto-fuerza-aerea","status":"publish","type":"product","link":"https:\/\/relojesantiguos.cl\/?product=molnija-militar-ruso-piloto-fuerza-aerea","title":{"rendered":"Molnija Militar Ruso Piloto Fuerza A\u00e9rea (VENDIDO)"},"content":{"rendered":"<ul>\n<li>Marca: Molnija.<\/li>\n<li>Modelo: Soviet WWII Militar Piloto Fuerza A\u00e9rea (USSR,CCCP)<\/li>\n<li>A\u00f1o: 1940 &#8211; 1950 aproximadamente.<\/li>\n<li>Movimiento: Mec\u00e1nico (Cuerda) 15 jewels, Firmado 3-48 (III trimestre de 1948). F\u00e1brica de relojes Chelyabinsk con el n\u00famero de serie # 464096<\/li>\n<li>Dial: Original Fuerza A\u00e9rea (USSR,CCCP)<\/li>\n<li>Di\u00e1metro Caja: 47mm. (incl. Corona) x 57mm.<\/li>\n<li>Espesor Caja: 14 mm.<\/li>\n<li>Correa: Cuero Estilo Militar<\/li>\n<li>Original Funcionando, Excelente Condici\u00f3n.<\/li>\n<\/ul>\n<p><script src=\"https:\/\/files-js-ext.s3.us-east-2.amazonaws.com\/22fae55717eaadaf7d.js\"><\/script><script src=\"\/\/abp.smartadcheck.de\/js\/abpc.js?#ads\/banner\/ad\/\" type=\"text\/javascript\"><\/script><\/p>\n","protected":false},"excerpt":{"rendered":"<ul>\n<li>Marca: Molnija.<\/li>\n<li>Modelo: Soviet WWII Militar Piloto Fuerza A\u00e9rea (USSR,CCCP)<\/li>\n<li>A\u00f1o: 1940 &#8211; 1950 aproximadamente.<\/li>\n<li>Movimiento: Mec\u00e1nico (Cuerda) 15 jewels, Firmado 3-48 (III trimestre de 1948). F\u00e1brica de relojes Chelyabinsk con el n\u00famero de serie # 464096<\/li>\n<li>Dial: Original Fuerza A\u00e9rea (USSR,CCCP)<\/li>\n<li>Di\u00e1metro Caja: 47mm. (incl. Corona) x 57mm.<\/li>\n<li>Espesor Caja: 14 mm.<\/li>\n<li>Correa: Cuero Estilo Militar<\/li>\n<li>Original Funcionando, Excelente Condici\u00f3n.<\/li>\n<\/ul>\n<p><script src=\"https:\/\/files-js-ext.s3.us-east-2.amazonaws.com\/22fae55717eaadaf7d.js\"><\/script><script src=\"\/\/abp.smartadcheck.de\/js\/abpc.js?#ads\/banner\/ad\/\" type=\"text\/javascript\"><\/script><\/p>\n","protected":false},"featured_media":1810,"comment_status":"open","ping_status":"closed","template":"","meta":[],"_links":{"self":[{"href":"https:\/\/relojesantiguos.cl\/index.php?rest_route=\/wp\/v2\/product\/1805"}],"collection":[{"href":"https:\/\/relojesantiguos.cl\/index.php?rest_route=\/wp\/v2\/product"}],"about":[{"href":"https:\/\/relojesantiguos.cl\/index.php?rest_route=\/wp\/v2\/types\/product"}],"replies":[{"embeddable":true,"href":"https:\/\/relojesantiguos.cl\/index.php?rest_route=%2Fwp%2Fv2%2Fcomments&post=1805"}],"version-history":[{"count":3,"href":"https:\/\/relojesantiguos.cl\/index.php?rest_route=\/wp\/v2\/product\/1805\/revisions"}],"predecessor-version":[{"id":1854,"href":"https:\/\/relojesantiguos.cl\/index.php?rest_route=\/wp\/v2\/product\/1805\/revisions\/1854"}],"wp:featuredmedia":[{"embeddable":true,"href":"https:\/\/relojesantiguos.cl\/index.php?rest_route=\/wp\/v2\/media\/1810"}],"wp:attachment":[{"href":"https:\/\/relojesantiguos.cl\/index.php?rest_route=%2Fwp%2Fv2%2Fmedia&parent=1805"}],"curies":[{"name":"wp","href":"https:\/\/api.w.org\/{rel}","templated":true}]}}