{"id":2445,"date":"2021-11-09T19:50:12","date_gmt":"2021-11-09T19:50:12","guid":{"rendered":"http:\/\/relojesantiguos.cl\/?post_type=product&#038;p=2445"},"modified":"2021-11-09T20:04:06","modified_gmt":"2021-11-09T20:04:06","slug":"swan-diver-swiss-automatico","status":"publish","type":"product","link":"http:\/\/relojesantiguos.cl\/?product=swan-diver-swiss-automatico","title":{"rendered":"Swan Diver Swiss Autom\u00e1tico"},"content":{"rendered":"<ul>\n<li>Marca: Swan<\/li>\n<li>Modelo: Diver<\/li>\n<li>A\u00f1o: 1970 Aprox.<\/li>\n<li>Funci\u00f3n: D\u00eda Semana, D\u00eda Mes<\/li>\n<li>Movimiento: Mec\u00e1nico (Autom\u00e1tico) 21 jewels. Cal Ronda RL 1219-21<\/li>\n<li>Dial: Original Color Verde<\/li>\n<li>Di\u00e1metro Caja: 37 mm. (s\/incl. corona) x 45 mm.<\/li>\n<li>Caja: Met\u00e1lica<\/li>\n<li>Correa: Nueva Nato Estilo Militar (20 mm.)<\/li>\n<li>Original Funcionando, Excelente Condici\u00f3n<\/li>\n<\/ul>\n","protected":false},"excerpt":{"rendered":"<ul>\n<li>Marca: Swan<\/li>\n<li>Modelo: Diver<\/li>\n<li>A\u00f1o: 1970 Aprox.<\/li>\n<li>Funci\u00f3n: D\u00eda Semana, D\u00eda Mes<\/li>\n<li>Movimiento: Mec\u00e1nico (Autom\u00e1tico) 21 jewels. Cal Ronda RL 1219-21<\/li>\n<li>Dial: Original Color Verde<\/li>\n<li>Di\u00e1metro Caja: 37 mm. (s\/incl. corona) x 45 mm.<\/li>\n<li>Caja: Met\u00e1lica<\/li>\n<li>Correa: Nueva Nato Estilo Militar (20 mm.)<\/li>\n<li>Original Funcionando, Excelente Condici\u00f3n<\/li>\n<\/ul>\n","protected":false},"featured_media":2447,"comment_status":"open","ping_status":"closed","template":"","meta":[],"_links":{"self":[{"href":"http:\/\/relojesantiguos.cl\/index.php?rest_route=\/wp\/v2\/product\/2445"}],"collection":[{"href":"http:\/\/relojesantiguos.cl\/index.php?rest_route=\/wp\/v2\/product"}],"about":[{"href":"http:\/\/relojesantiguos.cl\/index.php?rest_route=\/wp\/v2\/types\/product"}],"replies":[{"embeddable":true,"href":"http:\/\/relojesantiguos.cl\/index.php?rest_route=%2Fwp%2Fv2%2Fcomments&post=2445"}],"version-history":[{"count":1,"href":"http:\/\/relojesantiguos.cl\/index.php?rest_route=\/wp\/v2\/product\/2445\/revisions"}],"predecessor-version":[{"id":2452,"href":"http:\/\/relojesantiguos.cl\/index.php?rest_route=\/wp\/v2\/product\/2445\/revisions\/2452"}],"wp:featuredmedia":[{"embeddable":true,"href":"http:\/\/relojesantiguos.cl\/index.php?rest_route=\/wp\/v2\/media\/2447"}],"wp:attachment":[{"href":"http:\/\/relojesantiguos.cl\/index.php?rest_route=%2Fwp%2Fv2%2Fmedia&parent=2445"}],"curies":[{"name":"wp","href":"https:\/\/api.w.org\/{rel}","templated":true}]}}