{"id":2146,"date":"2021-11-09T13:14:32","date_gmt":"2021-11-09T13:14:32","guid":{"rendered":"http:\/\/relojesantiguos.cl\/?post_type=product&#038;p=2146"},"modified":"2023-08-23T19:28:38","modified_gmt":"2023-08-23T19:28:38","slug":"seiko-bell-matic-alarma-automatico","status":"publish","type":"product","link":"http:\/\/relojesantiguos.cl\/?product=seiko-bell-matic-alarma-automatico","title":{"rendered":"Seiko Bell-matic Alarma Autom\u00e1tico (VENDIDO)"},"content":{"rendered":"<ul>\n<li>Marca: Seiko<\/li>\n<li>Modelo: Bell-Matic. Ref. 4006-6021<\/li>\n<li>A\u00f1o: 1970 Aprox.<\/li>\n<li>Funci\u00f3n: D\u00eda Semana, D\u00eda Mes, Alarma Manual<\/li>\n<li>Movimiento: Mec\u00e1nico (Autom\u00e1tico) 17 jewels. CAL. 4006A<\/li>\n<li>Dial: Original Color Marr\u00f3n<\/li>\n<li>Di\u00e1metro Caja: 38 mm. (s\/incl. corona) x 42 mm.<\/li>\n<li>Caja: Acero Inoxidable<\/li>\n<li>Correa: Acero Inoxidable<\/li>\n<li>Original Funcionando, Excelente Condici\u00f3n<\/li>\n<\/ul>\n","protected":false},"excerpt":{"rendered":"<ul>\n<li>Marca: Seiko<\/li>\n<li>Modelo: Bell-Matic. Ref. 4006-6021<\/li>\n<li>A\u00f1o: 1970 Aprox.<\/li>\n<li>Funci\u00f3n: D\u00eda Semana, D\u00eda Mes, Alarma Manual<\/li>\n<li>Movimiento: Mec\u00e1nico (Autom\u00e1tico) 17 jewels. CAL. 4006A<\/li>\n<li>Dial: Original Color Marr\u00f3n<\/li>\n<li>Di\u00e1metro Caja: 38 mm. (s\/incl. corona) x 42 mm.<\/li>\n<li>Caja: Acero Inoxidable<\/li>\n<li>Correa: Acero Inoxidable<\/li>\n<li>Original Funcionando, Excelente Condici\u00f3n<\/li>\n<\/ul>\n","protected":false},"featured_media":2155,"comment_status":"open","ping_status":"closed","template":"","meta":[],"_links":{"self":[{"href":"http:\/\/relojesantiguos.cl\/index.php?rest_route=\/wp\/v2\/product\/2146"}],"collection":[{"href":"http:\/\/relojesantiguos.cl\/index.php?rest_route=\/wp\/v2\/product"}],"about":[{"href":"http:\/\/relojesantiguos.cl\/index.php?rest_route=\/wp\/v2\/types\/product"}],"replies":[{"embeddable":true,"href":"http:\/\/relojesantiguos.cl\/index.php?rest_route=%2Fwp%2Fv2%2Fcomments&post=2146"}],"version-history":[{"count":2,"href":"http:\/\/relojesantiguos.cl\/index.php?rest_route=\/wp\/v2\/product\/2146\/revisions"}],"predecessor-version":[{"id":2719,"href":"http:\/\/relojesantiguos.cl\/index.php?rest_route=\/wp\/v2\/product\/2146\/revisions\/2719"}],"wp:featuredmedia":[{"embeddable":true,"href":"http:\/\/relojesantiguos.cl\/index.php?rest_route=\/wp\/v2\/media\/2155"}],"wp:attachment":[{"href":"http:\/\/relojesantiguos.cl\/index.php?rest_route=%2Fwp%2Fv2%2Fmedia&parent=2146"}],"curies":[{"name":"wp","href":"https:\/\/api.w.org\/{rel}","templated":true}]}}