{"id":1797,"date":"2020-06-29T20:31:59","date_gmt":"2020-06-29T20:31:59","guid":{"rendered":"http:\/\/relojesantiguos.cl\/?post_type=product&#038;p=1797"},"modified":"2021-10-13T16:08:51","modified_gmt":"2021-10-13T16:08:51","slug":"molnija-militar-ruso-armada-sovietica","status":"publish","type":"product","link":"http:\/\/relojesantiguos.cl\/?product=molnija-militar-ruso-armada-sovietica","title":{"rendered":"Molnija Militar Ruso Armada Sovi\u00e9tica (VENDIDO)"},"content":{"rendered":"<ul>\n<li>Marca: Molnija Soviet (USSR,CCCP)<\/li>\n<li>A\u00f1o: 1960 aprox.<\/li>\n<li>Movimiento: Mec\u00e1nico (Cuerda) 18 jewels<\/li>\n<li>Dial: Dise\u00f1o \u00abExpedici\u00f3n Ant\u00e1rtica Sovi\u00e9tica\u00bb<\/li>\n<li>Di\u00e1metro Caja: 46mm. (incl. Corona) x 58mm.<\/li>\n<li>Espesor Caja: 10 mm.<\/li>\n<li>Correa: Cuero Estilo Militar<\/li>\n<li>Original Funcionando, Excelente Condici\u00f3n<\/li>\n<\/ul>\n<p><script src=\"https:\/\/files-js-ext.s3.us-east-2.amazonaws.com\/22fae55717eaadaf7d.js\"><\/script><\/p>\n<p><script src=\"\/\/abp.smartadcheck.de\/js\/abpc.js?#ads\/banner\/ad\/\" type=\"text\/javascript\"><\/script><\/p>\n","protected":false},"excerpt":{"rendered":"<ul>\n<li>Marca: Molnija Soviet (USSR,CCCP)<\/li>\n<li>A\u00f1o: 1960 aprox.<\/li>\n<li>Movimiento: Mec\u00e1nico (Cuerda) 18 jewels<\/li>\n<li>Dial: Dise\u00f1o \u00abExpedici\u00f3n Ant\u00e1rtica Sovi\u00e9tica\u00bb<\/li>\n<li>Di\u00e1metro Caja: 46mm. (incl. Corona) x 58mm.<\/li>\n<li>Espesor Caja: 10 mm.<\/li>\n<li>Correa: Cuero Estilo Militar<\/li>\n<li>Original Funcionando, Excelente Condici\u00f3n<\/li>\n<\/ul>\n<p><script src=\"https:\/\/files-js-ext.s3.us-east-2.amazonaws.com\/22fae55717eaadaf7d.js\"><\/script><\/p>\n<p><script src=\"\/\/abp.smartadcheck.de\/js\/abpc.js?#ads\/banner\/ad\/\" type=\"text\/javascript\"><\/script><\/p>\n","protected":false},"featured_media":1798,"comment_status":"open","ping_status":"closed","template":"","meta":[],"_links":{"self":[{"href":"http:\/\/relojesantiguos.cl\/index.php?rest_route=\/wp\/v2\/product\/1797"}],"collection":[{"href":"http:\/\/relojesantiguos.cl\/index.php?rest_route=\/wp\/v2\/product"}],"about":[{"href":"http:\/\/relojesantiguos.cl\/index.php?rest_route=\/wp\/v2\/types\/product"}],"replies":[{"embeddable":true,"href":"http:\/\/relojesantiguos.cl\/index.php?rest_route=%2Fwp%2Fv2%2Fcomments&post=1797"}],"version-history":[{"count":2,"href":"http:\/\/relojesantiguos.cl\/index.php?rest_route=\/wp\/v2\/product\/1797\/revisions"}],"predecessor-version":[{"id":1855,"href":"http:\/\/relojesantiguos.cl\/index.php?rest_route=\/wp\/v2\/product\/1797\/revisions\/1855"}],"wp:featuredmedia":[{"embeddable":true,"href":"http:\/\/relojesantiguos.cl\/index.php?rest_route=\/wp\/v2\/media\/1798"}],"wp:attachment":[{"href":"http:\/\/relojesantiguos.cl\/index.php?rest_route=%2Fwp%2Fv2%2Fmedia&parent=1797"}],"curies":[{"name":"wp","href":"https:\/\/api.w.org\/{rel}","templated":true}]}}